{"id":10,"date":"2022-04-25T22:00:10","date_gmt":"2022-04-25T22:00:10","guid":{"rendered":"https:\/\/miurl.io\/bixa-new\/cart\/"},"modified":"2022-05-25T23:36:32","modified_gmt":"2022-05-25T23:36:32","slug":"cart","status":"publish","type":"page","link":"https:\/\/bixahuman.com\/old\/cart\/","title":{"rendered":"Carrito de compras"},"content":{"rendered":"\t\t<div data-elementor-type=\"wp-page\" data-elementor-id=\"10\" class=\"elementor elementor-10\">\n\t\t\t\t\t\t\t\t\t<section class=\"elementor-section elementor-top-section elementor-element elementor-element-2a28c7 elementor-section-boxed elementor-section-height-default elementor-section-height-default\" data-id=\"2a28c7\" data-element_type=\"section\">\n\t\t\t\t\t\t<div class=\"elementor-container elementor-column-gap-default\">\n\t\t\t\t\t<div class=\"elementor-column elementor-col-100 elementor-top-column elementor-element elementor-element-7046c340\" data-id=\"7046c340\" data-element_type=\"column\">\n\t\t\t<div class=\"elementor-widget-wrap elementor-element-populated\">\n\t\t\t\t\t\t\t\t<div class=\"elementor-element elementor-element-5eb6abd4 elementor-widget elementor-widget-text-editor\" data-id=\"5eb6abd4\" data-element_type=\"widget\" data-widget_type=\"text-editor.default\">\n\t\t\t\t<div class=\"elementor-widget-container\">\n\t\t\t<style>\/*! elementor - v3.18.0 - 20-12-2023 *\/\n.elementor-widget-text-editor.elementor-drop-cap-view-stacked .elementor-drop-cap{background-color:#69727d;color:#fff}.elementor-widget-text-editor.elementor-drop-cap-view-framed .elementor-drop-cap{color:#69727d;border:3px solid;background-color:transparent}.elementor-widget-text-editor:not(.elementor-drop-cap-view-default) .elementor-drop-cap{margin-top:8px}.elementor-widget-text-editor:not(.elementor-drop-cap-view-default) .elementor-drop-cap-letter{width:1em;height:1em}.elementor-widget-text-editor .elementor-drop-cap{float:left;text-align:center;line-height:1;font-size:50px}.elementor-widget-text-editor .elementor-drop-cap-letter{display:inline-block}<\/style>\t\t\t\t<!-- wp:shortcode -->\n\n<!-- \/wp:shortcode -->\t\t\t\t\t\t<\/div>\n\t\t\t\t<\/div>\n\t\t\t\t\t<\/div>\n\t\t<\/div>\n\t\t\t\t\t\t\t<\/div>\n\t\t<\/section>\n\t\t\t\t<section class=\"elementor-section elementor-top-section elementor-element elementor-element-7a75bff elementor-section-boxed elementor-section-height-default elementor-section-height-default\" data-id=\"7a75bff\" data-element_type=\"section\">\n\t\t\t\t\t\t<div class=\"elementor-container elementor-column-gap-default\">\n\t\t\t\t\t<div class=\"elementor-column elementor-col-100 elementor-top-column elementor-element elementor-element-476b10f\" data-id=\"476b10f\" data-element_type=\"column\">\n\t\t\t<div class=\"elementor-widget-wrap elementor-element-populated\">\n\t\t\t\t\t\t\t\t<div class=\"elementor-element elementor-element-e7cff54 elementor-widget elementor-widget-html\" data-id=\"e7cff54\" data-element_type=\"widget\" data-widget_type=\"html.default\">\n\t\t\t\t<div class=\"elementor-widget-container\">\n\t\t\t<style>.row.mt__20.fl_wrap.fl_wrap_md.oah.use_border_true {\r\n    display: none;\r\n}<\/style>\t\t<\/div>\n\t\t\t\t<\/div>\n\t\t\t\t\t<\/div>\n\t\t<\/div>\n\t\t\t\t\t\t\t<\/div>\n\t\t<\/section>\n\t\t\t\t\t\t\t<\/div>\n\t\t","protected":false},"excerpt":{"rendered":"<p>xosotin chelseath\u00f4ng tin chuy\u1ec3n nh\u01b0\u1ee3ngc\u00e2u l\u1ea1c b\u1ed9 b\u00f3ng \u0111\u00e1 arsenalb\u00f3ng \u0111\u00e1 atalantabundesligac\u1ea7u th\u1ee7 haalandUEFAevertonfutebol ao vivofutemaxmulticanaisonbetb\u00f3ng \u0111\u00e1 world cupb\u00f3ng \u0111\u00e1 inter milantin juventusbenzemala ligaclb leicester cityMUman citymessi lionelsalahnapolineymarpsgronaldoserie atottenhamvalenciaAS ROMALeverkusenac milanmbappenapolinewcastleaston villaliverpoolfa cupreal madridpremier leagueAjaxbao bong da247EPLbarcelonabournemouthaff cupasean footballb\u00ean l\u1ec1 s\u00e2n c\u1ecfb\u00e1o b\u00f3ng \u0111\u00e1 m\u1edbib\u00f3ng \u0111\u00e1 c\u00fap th\u1ebf gi\u1edbitin b\u00f3ng \u0111\u00e1 Vi\u1ec7tUEFAb\u00e1o b\u00f3ng \u0111\u00e1 vi\u1ec7t [&hellip;]<\/p>\n","protected":false},"author":1,"featured_media":0,"parent":0,"menu_order":0,"comment_status":"closed","ping_status":"closed","template":"","meta":{"footnotes":""},"class_list":["post-10","page","type-page","status-publish","hentry"],"yoast_head":"<!-- This site is optimized with the Yoast SEO plugin v19.6.1 - https:\/\/yoast.com\/wordpress\/plugins\/seo\/ -->\n<title>Bixahuman - Feel good every daySi\u00e9ntete bien todos los d\u00edas<\/title>\n<meta name=\"description\" content=\"Natural supplements that cover the recommended daily dose of vitamins, minerals and essential nutrients for a healthy and active life.\" \/>\n<meta name=\"robots\" content=\"index, follow, max-snippet:-1, max-image-preview:large, max-video-preview:-1\" \/>\n<link rel=\"canonical\" href=\"https:\/\/bixahuman.com\/old\/cart\/\" \/>\n<meta property=\"og:locale\" content=\"es_ES\" \/>\n<meta property=\"og:type\" content=\"article\" \/>\n<meta property=\"og:title\" content=\"Bixahuman - Feel good every daySi\u00e9ntete bien todos los d\u00edas\" \/>\n<meta property=\"og:description\" content=\"Natural supplements that cover the recommended daily dose of vitamins, minerals and essential nutrients for a healthy and active life.\" \/>\n<meta property=\"og:url\" content=\"https:\/\/bixahuman.com\/old\/cart\/\" \/>\n<meta property=\"og:site_name\" content=\"Bixahuman\" \/>\n<meta property=\"article:modified_time\" content=\"2022-05-25T23:36:32+00:00\" \/>\n<meta name=\"twitter:card\" content=\"summary_large_image\" \/>\n<meta name=\"twitter:label1\" content=\"Tiempo de lectura\" \/>\n\t<meta name=\"twitter:data1\" content=\"51 minutos\" \/>\n<script type=\"application\/ld+json\" class=\"yoast-schema-graph\">{\"@context\":\"https:\/\/schema.org\",\"@graph\":[{\"@type\":\"WebPage\",\"@id\":\"https:\/\/bixahuman.com\/old\/cart\/\",\"url\":\"https:\/\/bixahuman.com\/old\/cart\/\",\"name\":\"Bixahuman - Feel good every daySi\u00e9ntete bien todos los d\u00edas\",\"isPartOf\":{\"@id\":\"https:\/\/bixahuman.com\/old\/#website\"},\"datePublished\":\"2022-04-25T22:00:10+00:00\",\"dateModified\":\"2022-05-25T23:36:32+00:00\",\"description\":\"Natural supplements that cover the recommended daily dose of vitamins, minerals and essential nutrients for a healthy and active life.\",\"breadcrumb\":{\"@id\":\"https:\/\/bixahuman.com\/old\/cart\/#breadcrumb\"},\"inLanguage\":\"es\",\"potentialAction\":[{\"@type\":\"ReadAction\",\"target\":[\"https:\/\/bixahuman.com\/old\/cart\/\"]}]},{\"@type\":\"BreadcrumbList\",\"@id\":\"https:\/\/bixahuman.com\/old\/cart\/#breadcrumb\",\"itemListElement\":[{\"@type\":\"ListItem\",\"position\":1,\"name\":\"Portada\",\"item\":\"https:\/\/bixahuman.com\/old\/\"},{\"@type\":\"ListItem\",\"position\":2,\"name\":\"Carrito de compras\"}]},{\"@type\":\"WebSite\",\"@id\":\"https:\/\/bixahuman.com\/old\/#website\",\"url\":\"https:\/\/bixahuman.com\/old\/\",\"name\":\"Bixahuman\",\"description\":\"LA HISTORIA DE BIXAHUMAN COMBINANDO 5.000 A\u00d1OS DE HISTORIA IND\u00cdGENA CON LA CIENCIA MODERNA\",\"publisher\":{\"@id\":\"https:\/\/bixahuman.com\/old\/#organization\"},\"potentialAction\":[{\"@type\":\"SearchAction\",\"target\":{\"@type\":\"EntryPoint\",\"urlTemplate\":\"https:\/\/bixahuman.com\/old\/?s={search_term_string}\"},\"query-input\":\"required name=search_term_string\"}],\"inLanguage\":\"es\"},{\"@type\":\"Organization\",\"@id\":\"https:\/\/bixahuman.com\/old\/#organization\",\"name\":\"Bixahuman\",\"url\":\"https:\/\/bixahuman.com\/old\/\",\"sameAs\":[],\"logo\":{\"@type\":\"ImageObject\",\"inLanguage\":\"es\",\"@id\":\"https:\/\/bixahuman.com\/old\/#\/schema\/logo\/image\/\",\"url\":\"https:\/\/bixahuman.com\/wp-content\/uploads\/2022\/06\/logo-grande.png\",\"contentUrl\":\"https:\/\/bixahuman.com\/wp-content\/uploads\/2022\/06\/logo-grande.png\",\"width\":687,\"height\":287,\"caption\":\"Bixahuman\"},\"image\":{\"@id\":\"https:\/\/bixahuman.com\/old\/#\/schema\/logo\/image\/\"}}]}<\/script>\n<!-- \/ Yoast SEO plugin. -->","yoast_head_json":{"title":"Bixahuman - Feel good every daySi\u00e9ntete bien todos los d\u00edas","description":"Natural supplements that cover the recommended daily dose of vitamins, minerals and essential nutrients for a healthy and active life.","robots":{"index":"index","follow":"follow","max-snippet":"max-snippet:-1","max-image-preview":"max-image-preview:large","max-video-preview":"max-video-preview:-1"},"canonical":"https:\/\/bixahuman.com\/old\/cart\/","og_locale":"es_ES","og_type":"article","og_title":"Bixahuman - Feel good every daySi\u00e9ntete bien todos los d\u00edas","og_description":"Natural supplements that cover the recommended daily dose of vitamins, minerals and essential nutrients for a healthy and active life.","og_url":"https:\/\/bixahuman.com\/old\/cart\/","og_site_name":"Bixahuman","article_modified_time":"2022-05-25T23:36:32+00:00","twitter_card":"summary_large_image","twitter_misc":{"Tiempo de lectura":"51 minutos"},"schema":{"@context":"https:\/\/schema.org","@graph":[{"@type":"WebPage","@id":"https:\/\/bixahuman.com\/old\/cart\/","url":"https:\/\/bixahuman.com\/old\/cart\/","name":"Bixahuman - Feel good every daySi\u00e9ntete bien todos los d\u00edas","isPartOf":{"@id":"https:\/\/bixahuman.com\/old\/#website"},"datePublished":"2022-04-25T22:00:10+00:00","dateModified":"2022-05-25T23:36:32+00:00","description":"Natural supplements that cover the recommended daily dose of vitamins, minerals and essential nutrients for a healthy and active life.","breadcrumb":{"@id":"https:\/\/bixahuman.com\/old\/cart\/#breadcrumb"},"inLanguage":"es","potentialAction":[{"@type":"ReadAction","target":["https:\/\/bixahuman.com\/old\/cart\/"]}]},{"@type":"BreadcrumbList","@id":"https:\/\/bixahuman.com\/old\/cart\/#breadcrumb","itemListElement":[{"@type":"ListItem","position":1,"name":"Portada","item":"https:\/\/bixahuman.com\/old\/"},{"@type":"ListItem","position":2,"name":"Carrito de compras"}]},{"@type":"WebSite","@id":"https:\/\/bixahuman.com\/old\/#website","url":"https:\/\/bixahuman.com\/old\/","name":"Bixahuman","description":"LA HISTORIA DE BIXAHUMAN COMBINANDO 5.000 A\u00d1OS DE HISTORIA IND\u00cdGENA CON LA CIENCIA MODERNA","publisher":{"@id":"https:\/\/bixahuman.com\/old\/#organization"},"potentialAction":[{"@type":"SearchAction","target":{"@type":"EntryPoint","urlTemplate":"https:\/\/bixahuman.com\/old\/?s={search_term_string}"},"query-input":"required name=search_term_string"}],"inLanguage":"es"},{"@type":"Organization","@id":"https:\/\/bixahuman.com\/old\/#organization","name":"Bixahuman","url":"https:\/\/bixahuman.com\/old\/","sameAs":[],"logo":{"@type":"ImageObject","inLanguage":"es","@id":"https:\/\/bixahuman.com\/old\/#\/schema\/logo\/image\/","url":"https:\/\/bixahuman.com\/wp-content\/uploads\/2022\/06\/logo-grande.png","contentUrl":"https:\/\/bixahuman.com\/wp-content\/uploads\/2022\/06\/logo-grande.png","width":687,"height":287,"caption":"Bixahuman"},"image":{"@id":"https:\/\/bixahuman.com\/old\/#\/schema\/logo\/image\/"}}]}},"_links":{"self":[{"href":"https:\/\/bixahuman.com\/old\/wp-json\/wp\/v2\/pages\/10","targetHints":{"allow":["GET"]}}],"collection":[{"href":"https:\/\/bixahuman.com\/old\/wp-json\/wp\/v2\/pages"}],"about":[{"href":"https:\/\/bixahuman.com\/old\/wp-json\/wp\/v2\/types\/page"}],"author":[{"embeddable":true,"href":"https:\/\/bixahuman.com\/old\/wp-json\/wp\/v2\/users\/1"}],"replies":[{"embeddable":true,"href":"https:\/\/bixahuman.com\/old\/wp-json\/wp\/v2\/comments?post=10"}],"version-history":[{"count":4,"href":"https:\/\/bixahuman.com\/old\/wp-json\/wp\/v2\/pages\/10\/revisions"}],"predecessor-version":[{"id":31942,"href":"https:\/\/bixahuman.com\/old\/wp-json\/wp\/v2\/pages\/10\/revisions\/31942"}],"wp:attachment":[{"href":"https:\/\/bixahuman.com\/old\/wp-json\/wp\/v2\/media?parent=10"}],"curies":[{"name":"wp","href":"https:\/\/api.w.org\/{rel}","templated":true}]}}